{"id":1280,"date":"2025-12-13T12:10:09","date_gmt":"2025-12-13T12:10:09","guid":{"rendered":"https:\/\/aconejo.com\/?page_id=1280"},"modified":"2026-02-22T21:30:35","modified_gmt":"2026-02-22T21:30:35","slug":"proyectos","status":"publish","type":"page","link":"https:\/\/aconejo.com\/en\/proyectos\/","title":{"rendered":"Proyectos"},"content":{"rendered":"<div data-elementor-type=\"wp-page\" data-elementor-id=\"1280\" class=\"elementor elementor-1280\" data-elementor-post-type=\"page\">\n\t\t\t\t<div class=\"elementor-element elementor-element-24e234f e-grid e-con-boxed e-con e-parent\" data-id=\"24e234f\" data-element_type=\"container\" data-e-type=\"container\">\n\t\t\t\t\t<div class=\"e-con-inner\">\n\t\t<div class=\"elementor-element elementor-element-912b044 e-con-full ficha-hover e-flex e-con e-child\" data-id=\"912b044\" data-element_type=\"container\" data-e-type=\"container\" id=\"contenedor-1\" data-settings=\"{&quot;background_background&quot;:&quot;classic&quot;}\">\n\t\t\t\t<div class=\"elementor-element elementor-element-5ce1681 texto-hover elementor-widget elementor-widget-text-editor\" data-id=\"5ce1681\" data-element_type=\"widget\" data-e-type=\"widget\" data-widget_type=\"text-editor.default\">\n\t\t\t\t\t\t\t\t\t<div class=\"elementor-element elementor-element-5a7f83b8 elementor-widget elementor-widget-text-editor\" data-id=\"5a7f83b8\" data-element_type=\"widget\" data-e-type=\"widget\" data-widget_type=\"text-editor.default\"><div class=\"elementor-element elementor-element-5a7f83b8 elementor-widget elementor-widget-text-editor\" data-id=\"5a7f83b8\" data-element_type=\"widget\" data-e-type=\"widget\" data-widget_type=\"text-editor.default\"><p style=\"text-align: center;\"><strong>Capitan\u00eda de Puerto Burela<\/strong> &#8211; <em style=\"font-family: -apple-system, BlinkMacSystemFont, 'Segoe UI', Roboto, 'Helvetica Neue', Arial, 'Noto Sans', sans-serif, 'Apple Color Emoji', 'Segoe UI Emoji', 'Segoe UI Symbol', 'Noto Color Emoji';\">Lugo, Espa\u00f1a<\/em><\/p><\/div><\/div>\t\t\t\t\t\t\t\t<\/div>\n\t\t\t\t<\/div>\n\t\t<div class=\"elementor-element elementor-element-a33008b e-con-full ficha-hover e-flex e-con e-child\" data-id=\"a33008b\" data-element_type=\"container\" data-e-type=\"container\" id=\"contenedor-2\" data-settings=\"{&quot;background_background&quot;:&quot;classic&quot;}\">\n\t\t\t\t<div class=\"elementor-element elementor-element-e9849be texto-hover elementor-widget elementor-widget-text-editor\" data-id=\"e9849be\" data-element_type=\"widget\" data-e-type=\"widget\" data-widget_type=\"text-editor.default\">\n\t\t\t\t\t\t\t\t\t<p style=\"text-align: center;\"><strong>Ampliaci\u00f3n de la Capitan\u00eda Mar\u00edtima<\/strong> &#8211; <em style=\"font-family: -apple-system, BlinkMacSystemFont, 'Segoe UI', Roboto, 'Helvetica Neue', Arial, 'Noto Sans', sans-serif, 'Apple Color Emoji', 'Segoe UI Emoji', 'Segoe UI Symbol', 'Noto Color Emoji';\">Alicante, Espa\u00f1a<\/em><\/p>\t\t\t\t\t\t\t\t<\/div>\n\t\t\t\t<\/div>\n\t\t<div class=\"elementor-element elementor-element-ae528b6 e-con-full ficha-hover e-flex e-con e-child\" data-id=\"ae528b6\" data-element_type=\"container\" data-e-type=\"container\" id=\"contenedor-3\" data-settings=\"{&quot;background_background&quot;:&quot;classic&quot;}\">\n\t\t\t\t<div class=\"elementor-element elementor-element-c8e8a54 texto-hover elementor-widget elementor-widget-text-editor\" data-id=\"c8e8a54\" data-element_type=\"widget\" data-e-type=\"widget\" data-widget_type=\"text-editor.default\">\n\t\t\t\t\t\t\t\t\t<div class=\"elementor-element elementor-element-5a7f83b8 elementor-widget elementor-widget-text-editor\" data-id=\"5a7f83b8\" data-element_type=\"widget\" data-e-type=\"widget\" data-widget_type=\"text-editor.default\"><p style=\"text-align: center;\"><strong>Apartment Hotel \u00b7 El Puerto de Santa Mar\u00eda <\/strong>&#8211; <em style=\"font-family: -apple-system, BlinkMacSystemFont, 'Segoe UI', Roboto, 'Helvetica Neue', Arial, 'Noto Sans', sans-serif, 'Apple Color Emoji', 'Segoe UI Emoji', 'Segoe UI Symbol', 'Noto Color Emoji';\">C\u00e1diz, Espa\u00f1a<\/em><\/p><\/div>\t\t\t\t\t\t\t\t<\/div>\n\t\t\t\t<\/div>\n\t\t<div class=\"elementor-element elementor-element-7139a2d e-con-full ficha-hover e-flex e-con e-child\" data-id=\"7139a2d\" data-element_type=\"container\" data-e-type=\"container\" id=\"contenedor-4\" data-settings=\"{&quot;background_background&quot;:&quot;classic&quot;}\">\n\t\t\t\t<div class=\"elementor-element elementor-element-0d15c5e texto-hover elementor-widget elementor-widget-text-editor\" data-id=\"0d15c5e\" data-element_type=\"widget\" data-e-type=\"widget\" data-widget_type=\"text-editor.default\">\n\t\t\t\t\t\t\t\t\t<div class=\"elementor-element elementor-element-5a7f83b8 elementor-widget elementor-widget-text-editor\" data-id=\"5a7f83b8\" data-element_type=\"widget\" data-e-type=\"widget\" data-widget_type=\"text-editor.default\"><div class=\"elementor-element elementor-element-5a7f83b8 elementor-widget-mobile__width-initial elementor-widget elementor-widget-text-editor\" data-id=\"5a7f83b8\" data-element_type=\"widget\" data-e-type=\"widget\" data-widget_type=\"text-editor.default\"><p style=\"text-align: center;\"><strong>Ampliaci\u00f3n de la Capitan\u00eda Mar\u00edtima<\/strong> &#8211; <em style=\"font-family: -apple-system, BlinkMacSystemFont, 'Segoe UI', Roboto, 'Helvetica Neue', Arial, 'Noto Sans', sans-serif, 'Apple Color Emoji', 'Segoe UI Emoji', 'Segoe UI Symbol', 'Noto Color Emoji';\">Castell\u00f3n, Espa\u00f1a<\/em><\/p><\/div><\/div>\t\t\t\t\t\t\t\t<\/div>\n\t\t\t\t<\/div>\n\t\t<div class=\"elementor-element elementor-element-479e910 e-con-full ficha-hover e-flex e-con e-child\" data-id=\"479e910\" data-element_type=\"container\" data-e-type=\"container\" id=\"contenedor-5\" data-settings=\"{&quot;background_background&quot;:&quot;classic&quot;}\">\n\t\t\t\t<div class=\"elementor-element elementor-element-47be0d8 texto-hover elementor-widget elementor-widget-text-editor\" data-id=\"47be0d8\" data-element_type=\"widget\" data-e-type=\"widget\" data-widget_type=\"text-editor.default\">\n\t\t\t\t\t\t\t\t\t<div class=\"elementor-element elementor-element-5a7f83b8 elementor-widget elementor-widget-text-editor\" data-id=\"5a7f83b8\" data-element_type=\"widget\" data-e-type=\"widget\" data-widget_type=\"text-editor.default\"><div class=\"elementor-element elementor-element-5a7f83b8 elementor-widget-mobile__width-initial elementor-widget elementor-widget-text-editor\" data-id=\"5a7f83b8\" data-element_type=\"widget\" data-e-type=\"widget\" data-widget_type=\"text-editor.default\"><div class=\"elementor-element elementor-element-5a7f83b8 elementor-widget__width-initial elementor-widget elementor-widget-text-editor\" data-id=\"5a7f83b8\" data-element_type=\"widget\" data-e-type=\"widget\" data-widget_type=\"text-editor.default\"><p style=\"text-align: center;\"><strong>Shopping and Business Centre. Juncaril Industrial Estate<\/strong> &#8211; <em style=\"font-family: -apple-system, BlinkMacSystemFont, 'Segoe UI', Roboto, 'Helvetica Neue', Arial, 'Noto Sans', sans-serif, 'Apple Color Emoji', 'Segoe UI Emoji', 'Segoe UI Symbol', 'Noto Color Emoji';\">Granada, Spain<\/em><\/p><\/div><\/div><\/div>\t\t\t\t\t\t\t\t<\/div>\n\t\t\t\t<\/div>\n\t\t<div class=\"elementor-element elementor-element-d63f91c e-con-full ficha-hover e-flex e-con e-child\" data-id=\"d63f91c\" data-element_type=\"container\" data-e-type=\"container\" id=\"contenedor-6\" data-settings=\"{&quot;background_background&quot;:&quot;classic&quot;}\">\n\t\t\t\t<div class=\"elementor-element elementor-element-b04b33f texto-hover elementor-widget elementor-widget-text-editor\" data-id=\"b04b33f\" data-element_type=\"widget\" data-e-type=\"widget\" data-widget_type=\"text-editor.default\">\n\t\t\t\t\t\t\t\t\t<div class=\"elementor-element elementor-element-5a7f83b8 elementor-widget elementor-widget-text-editor\" data-id=\"5a7f83b8\" data-element_type=\"widget\" data-e-type=\"widget\" data-widget_type=\"text-editor.default\"><div class=\"elementor-element elementor-element-5a7f83b8 elementor-widget elementor-widget-text-editor\" data-id=\"5a7f83b8\" data-element_type=\"widget\" data-e-type=\"widget\" data-widget_type=\"text-editor.default\"><p style=\"text-align: center;\"><strong>New Heineken Brewery<\/strong> &#8211; <em style=\"font-family: -apple-system, BlinkMacSystemFont, 'Segoe UI', Roboto, 'Helvetica Neue', Arial, 'Noto Sans', sans-serif, 'Apple Color Emoji', 'Segoe UI Emoji', 'Segoe UI Symbol', 'Noto Color Emoji';\">Seville, Spain<\/em><\/p><\/div><\/div>\t\t\t\t\t\t\t\t<\/div>\n\t\t\t\t<\/div>\n\t\t<div class=\"elementor-element elementor-element-78557ad e-con-full ficha-hover e-flex e-con e-child\" data-id=\"78557ad\" data-element_type=\"container\" data-e-type=\"container\" id=\"contenedor-7\" data-settings=\"{&quot;background_background&quot;:&quot;classic&quot;}\">\n\t\t\t\t<div class=\"elementor-element elementor-element-a28c1a3 texto-hover elementor-widget elementor-widget-text-editor\" data-id=\"a28c1a3\" data-element_type=\"widget\" data-e-type=\"widget\" data-widget_type=\"text-editor.default\">\n\t\t\t\t\t\t\t\t\t<div class=\"elementor-element elementor-element-5a7f83b8 elementor-widget elementor-widget-text-editor\" data-id=\"5a7f83b8\" data-element_type=\"widget\" data-e-type=\"widget\" data-widget_type=\"text-editor.default\"><div class=\"elementor-element elementor-element-5a7f83b8 elementor-widget__width-initial elementor-widget elementor-widget-text-editor\" data-id=\"5a7f83b8\" data-element_type=\"widget\" data-e-type=\"widget\" data-widget_type=\"text-editor.default\"><p style=\"text-align: center;\"><strong>Commercial and Business Centre.\nLebrija Centro<\/strong> &#8211; <em style=\"font-family: -apple-system, BlinkMacSystemFont, 'Segoe UI', Roboto, 'Helvetica Neue', Arial, 'Noto Sans', sans-serif, 'Apple Color Emoji', 'Segoe UI Emoji', 'Segoe UI Symbol', 'Noto Color Emoji';\">Seville, Spain<\/em><\/p><\/div><\/div>\t\t\t\t\t\t\t\t<\/div>\n\t\t\t\t<\/div>\n\t\t<div class=\"elementor-element elementor-element-39eabbe e-con-full ficha-hover e-flex e-con e-child\" data-id=\"39eabbe\" data-element_type=\"container\" data-e-type=\"container\" id=\"contenedor-8\" data-settings=\"{&quot;background_background&quot;:&quot;classic&quot;}\">\n\t\t\t\t<div class=\"elementor-element elementor-element-13f3631 texto-hover elementor-widget elementor-widget-text-editor\" data-id=\"13f3631\" data-element_type=\"widget\" data-e-type=\"widget\" data-widget_type=\"text-editor.default\">\n\t\t\t\t\t\t\t\t\t<div class=\"elementor-element elementor-element-5a7f83b8 elementor-widget elementor-widget-text-editor\" data-id=\"5a7f83b8\" data-element_type=\"widget\" data-e-type=\"widget\" data-widget_type=\"text-editor.default\"><div class=\"elementor-element elementor-element-5a7f83b8 elementor-widget__width-initial elementor-widget elementor-widget-text-editor\" data-id=\"5a7f83b8\" data-element_type=\"widget\" data-e-type=\"widget\" data-widget_type=\"text-editor.default\"><p style=\"text-align: center;\"><strong>Train Station, Bah\u00eda Sur\nSan Fernando<\/strong> &#8211; <em style=\"font-family: -apple-system, BlinkMacSystemFont, 'Segoe UI', Roboto, 'Helvetica Neue', Arial, 'Noto Sans', sans-serif, 'Apple Color Emoji', 'Segoe UI Emoji', 'Segoe UI Symbol', 'Noto Color Emoji';\">C\u00e1diz, Espa\u00f1a<\/em><\/p><\/div><\/div>\t\t\t\t\t\t\t\t<\/div>\n\t\t\t\t<\/div>\n\t\t<div class=\"elementor-element elementor-element-d91bf8c e-con-full ficha-hover e-flex e-con e-child\" data-id=\"d91bf8c\" data-element_type=\"container\" data-e-type=\"container\" id=\"contenedor-9\" data-settings=\"{&quot;background_background&quot;:&quot;classic&quot;}\">\n\t\t\t\t<div class=\"elementor-element elementor-element-9b75b2d texto-hover elementor-widget elementor-widget-text-editor\" data-id=\"9b75b2d\" data-element_type=\"widget\" data-e-type=\"widget\" data-widget_type=\"text-editor.default\">\n\t\t\t\t\t\t\t\t\t<div class=\"elementor-element elementor-element-5a7f83b8 elementor-widget elementor-widget-text-editor\" data-id=\"5a7f83b8\" data-element_type=\"widget\" data-e-type=\"widget\" data-widget_type=\"text-editor.default\"><div class=\"elementor-element elementor-element-5a7f83b8 elementor-widget__width-initial elementor-widget elementor-widget-text-editor\" data-id=\"5a7f83b8\" data-element_type=\"widget\" data-e-type=\"widget\" data-widget_type=\"text-editor.default\"><div class=\"elementor-element elementor-element-5a7f83b8 elementor-widget__width-initial elementor-widget elementor-widget-text-editor\" data-id=\"5a7f83b8\" data-element_type=\"widget\" data-e-type=\"widget\" data-widget_type=\"text-editor.default\"><p style=\"text-align: center;\"><strong>Residential Building Rehabilitation into Offices<\/strong> &#8211; <em style=\"font-family: -apple-system, BlinkMacSystemFont, 'Segoe UI', Roboto, 'Helvetica Neue', Arial, 'Noto Sans', sans-serif, 'Apple Color Emoji', 'Segoe UI Emoji', 'Segoe UI Symbol', 'Noto Color Emoji';\">M\u00e1laga, Espa\u00f1a<\/em><\/p><\/div><\/div><\/div>\t\t\t\t\t\t\t\t<\/div>\n\t\t\t\t<\/div>\n\t\t<div class=\"elementor-element elementor-element-88759be e-con-full ficha-hover e-flex e-con e-child\" data-id=\"88759be\" data-element_type=\"container\" data-e-type=\"container\" id=\"contenedor-10\" data-settings=\"{&quot;background_background&quot;:&quot;classic&quot;}\">\n\t\t\t\t<div class=\"elementor-element elementor-element-1d50ec4 texto-hover elementor-widget elementor-widget-text-editor\" data-id=\"1d50ec4\" data-element_type=\"widget\" data-e-type=\"widget\" data-widget_type=\"text-editor.default\">\n\t\t\t\t\t\t\t\t\t<div class=\"elementor-element elementor-element-5a7f83b8 elementor-widget elementor-widget-text-editor\" data-id=\"5a7f83b8\" data-element_type=\"widget\" data-e-type=\"widget\" data-widget_type=\"text-editor.default\"><div class=\"elementor-element elementor-element-5a7f83b8 elementor-widget__width-initial elementor-widget elementor-widget-text-editor\" data-id=\"5a7f83b8\" data-element_type=\"widget\" data-e-type=\"widget\" data-widget_type=\"text-editor.default\"><div class=\"elementor-element elementor-element-5a7f83b8 elementor-widget__width-initial elementor-widget elementor-widget-text-editor\" data-id=\"5a7f83b8\" data-element_type=\"widget\" data-e-type=\"widget\" data-widget_type=\"text-editor.default\"><div class=\"elementor-element elementor-element-5a7f83b8 elementor-widget__width-initial elementor-widget elementor-widget-text-editor\" data-id=\"5a7f83b8\" data-element_type=\"widget\" data-e-type=\"widget\" data-widget_type=\"text-editor.default\"><p style=\"text-align: center;\"><strong>Replacement of Two Columns at Seville Cathedral (UNESCO World Heritage Site)<\/strong> &#8211; <em style=\"font-family: -apple-system, BlinkMacSystemFont, 'Segoe UI', Roboto, 'Helvetica Neue', Arial, 'Noto Sans', sans-serif, 'Apple Color Emoji', 'Segoe UI Emoji', 'Segoe UI Symbol', 'Noto Color Emoji';\">Seville, Spain<\/em><\/p><\/div><\/div><\/div><\/div>\t\t\t\t\t\t\t\t<\/div>\n\t\t\t\t<\/div>\n\t\t<div class=\"elementor-element elementor-element-31b1ea7 e-con-full ficha-hover e-flex e-con e-child\" data-id=\"31b1ea7\" data-element_type=\"container\" data-e-type=\"container\" id=\"contenedor-11\" data-settings=\"{&quot;background_background&quot;:&quot;classic&quot;}\">\n\t\t\t\t<div class=\"elementor-element elementor-element-984ce52 texto-hover elementor-widget elementor-widget-text-editor\" data-id=\"984ce52\" data-element_type=\"widget\" data-e-type=\"widget\" data-widget_type=\"text-editor.default\">\n\t\t\t\t\t\t\t\t\t<div class=\"elementor-element elementor-element-5a7f83b8 elementor-widget elementor-widget-text-editor\" data-id=\"5a7f83b8\" data-element_type=\"widget\" data-e-type=\"widget\" data-widget_type=\"text-editor.default\"><div class=\"elementor-element elementor-element-5a7f83b8 elementor-widget__width-initial elementor-widget elementor-widget-text-editor\" data-id=\"5a7f83b8\" data-element_type=\"widget\" data-e-type=\"widget\" data-widget_type=\"text-editor.default\"><div class=\"elementor-element elementor-element-5a7f83b8 elementor-widget__width-initial elementor-widget elementor-widget-text-editor\" data-id=\"5a7f83b8\" data-element_type=\"widget\" data-e-type=\"widget\" data-widget_type=\"text-editor.default\"><div class=\"elementor-element elementor-element-5a7f83b8 elementor-widget__width-initial elementor-widget elementor-widget-text-editor\" data-id=\"5a7f83b8\" data-element_type=\"widget\" data-e-type=\"widget\" data-widget_type=\"text-editor.default\"><div class=\"elementor-element elementor-element-5a7f83b8 elementor-widget__width-initial elementor-widget elementor-widget-text-editor\" data-id=\"5a7f83b8\" data-element_type=\"widget\" data-e-type=\"widget\" data-widget_type=\"text-editor.default\"><p style=\"text-align: center;\"><strong>Ampliaci\u00f3n de vivienda de una planta como edificio de energ\u00eda cero<\/strong> &#8211; <em style=\"font-family: -apple-system, BlinkMacSystemFont, 'Segoe UI', Roboto, 'Helvetica Neue', Arial, 'Noto Sans', sans-serif, 'Apple Color Emoji', 'Segoe UI Emoji', 'Segoe UI Symbol', 'Noto Color Emoji';\">Seville, Spain<\/em><\/p><\/div><\/div><\/div><\/div><\/div>\t\t\t\t\t\t\t\t<\/div>\n\t\t\t\t<\/div>\n\t\t<div class=\"elementor-element elementor-element-25b3976 e-con-full ficha-hover e-flex e-con e-child\" data-id=\"25b3976\" data-element_type=\"container\" data-e-type=\"container\" id=\"contenedor-12\" data-settings=\"{&quot;background_background&quot;:&quot;classic&quot;}\">\n\t\t\t\t<div class=\"elementor-element elementor-element-fd409e3 texto-hover elementor-widget elementor-widget-text-editor\" data-id=\"fd409e3\" data-element_type=\"widget\" data-e-type=\"widget\" data-widget_type=\"text-editor.default\">\n\t\t\t\t\t\t\t\t\t<div class=\"elementor-element elementor-element-5a7f83b8 elementor-widget elementor-widget-text-editor\" data-id=\"5a7f83b8\" data-element_type=\"widget\" data-e-type=\"widget\" data-widget_type=\"text-editor.default\"><div class=\"elementor-element elementor-element-5a7f83b8 elementor-widget__width-initial elementor-widget elementor-widget-text-editor\" data-id=\"5a7f83b8\" data-element_type=\"widget\" data-e-type=\"widget\" data-widget_type=\"text-editor.default\"><div class=\"elementor-element elementor-element-5a7f83b8 elementor-widget__width-initial elementor-widget elementor-widget-text-editor\" data-id=\"5a7f83b8\" data-element_type=\"widget\" data-e-type=\"widget\" data-widget_type=\"text-editor.default\"><div class=\"elementor-element elementor-element-5a7f83b8 elementor-widget__width-initial elementor-widget elementor-widget-text-editor\" data-id=\"5a7f83b8\" data-element_type=\"widget\" data-e-type=\"widget\" data-widget_type=\"text-editor.default\"><div class=\"elementor-element elementor-element-5a7f83b8 elementor-widget elementor-widget-text-editor\" data-id=\"5a7f83b8\" data-element_type=\"widget\" data-e-type=\"widget\" data-widget_type=\"text-editor.default\"><p style=\"text-align: center;\"><strong>Renovation for Radio Studios<\/strong> &#8211; <em style=\"font-family: -apple-system, BlinkMacSystemFont, 'Segoe UI', Roboto, 'Helvetica Neue', Arial, 'Noto Sans', sans-serif, 'Apple Color Emoji', 'Segoe UI Emoji', 'Segoe UI Symbol', 'Noto Color Emoji';\">Seville, Spain<\/em><\/p><\/div><\/div><\/div><\/div><\/div>\t\t\t\t\t\t\t\t<\/div>\n\t\t\t\t<\/div>\n\t\t\t\t\t<\/div>\n\t\t\t\t<\/div>\n\t\t\t\t<\/div>","protected":false},"excerpt":{"rendered":"<p>Capitan\u00eda de Puerto Burela &#8211; Lugo, Espa\u00f1a Ampliaci\u00f3n de la Capitan\u00eda Mar\u00edtima &#8211; Alicante, Espa\u00f1a Hotel de apartamentos. El Puerto de Santa Mar\u00eda &#8211; C\u00e1diz, Espa\u00f1a Ampliaci\u00f3n de la Capitan\u00eda Mar\u00edtima &#8211; Castell\u00f3n, Espa\u00f1a Centro Comercial y de Negocios. Pol\u00edgono Juncaril &#8211; Granada, Espa\u00f1a Nueva Factor\u00eda de Heineken &#8211; Sevilla, Espa\u00f1a Centro comercial y de [&hellip;]<\/p>\n","protected":false},"author":2,"featured_media":0,"parent":0,"menu_order":0,"comment_status":"closed","ping_status":"closed","template":"elementor_header_footer","meta":{"footnotes":""},"class_list":["post-1280","page","type-page","status-publish","hentry"],"_links":{"self":[{"href":"https:\/\/aconejo.com\/en\/wp-json\/wp\/v2\/pages\/1280","targetHints":{"allow":["GET"]}}],"collection":[{"href":"https:\/\/aconejo.com\/en\/wp-json\/wp\/v2\/pages"}],"about":[{"href":"https:\/\/aconejo.com\/en\/wp-json\/wp\/v2\/types\/page"}],"author":[{"embeddable":true,"href":"https:\/\/aconejo.com\/en\/wp-json\/wp\/v2\/users\/2"}],"replies":[{"embeddable":true,"href":"https:\/\/aconejo.com\/en\/wp-json\/wp\/v2\/comments?post=1280"}],"version-history":[{"count":463,"href":"https:\/\/aconejo.com\/en\/wp-json\/wp\/v2\/pages\/1280\/revisions"}],"predecessor-version":[{"id":2282,"href":"https:\/\/aconejo.com\/en\/wp-json\/wp\/v2\/pages\/1280\/revisions\/2282"}],"wp:attachment":[{"href":"https:\/\/aconejo.com\/en\/wp-json\/wp\/v2\/media?parent=1280"}],"curies":[{"name":"wp","href":"https:\/\/api.w.org\/{rel}","templated":true}]}}