{"id":1336,"date":"2025-12-13T12:10:09","date_gmt":"2025-12-13T12:10:09","guid":{"rendered":"https:\/\/aconejo.com\/?page_id=1336"},"modified":"2026-02-10T02:43:20","modified_gmt":"2026-02-10T02:43:20","slug":"quienes-somos","status":"publish","type":"page","link":"https:\/\/aconejo.com\/en\/quienes-somos\/","title":{"rendered":"Quienes somos"},"content":{"rendered":"<div data-elementor-type=\"wp-page\" data-elementor-id=\"1336\" class=\"elementor elementor-1336\" data-elementor-post-type=\"page\">\n\t\t\t\t<div class=\"elementor-element elementor-element-cc26607 e-con-full e-flex e-con e-parent\" data-id=\"cc26607\" data-element_type=\"container\" data-e-type=\"container\">\n\t\t\t\t<div class=\"elementor-element elementor-element-3598ab5 elementor-widget elementor-widget-heading\" data-id=\"3598ab5\" data-element_type=\"widget\" data-e-type=\"widget\" data-widget_type=\"heading.default\">\n\t\t\t\t\t<h2 class=\"elementor-heading-title elementor-size-default\">NUESTRA FILOSOF\u00cdA<\/h2>\t\t\t\t<\/div>\n\t\t\t\t<\/div>\n\t\t<div class=\"elementor-element elementor-element-281045a e-con-full e-flex e-con e-parent\" data-id=\"281045a\" data-element_type=\"container\" data-e-type=\"container\">\n\t\t<div class=\"elementor-element elementor-element-3397cc3 e-con-full e-flex e-con e-child\" data-id=\"3397cc3\" data-element_type=\"container\" data-e-type=\"container\">\n\t\t\t\t<div class=\"elementor-element elementor-element-3f456dc elementor-widget elementor-widget-heading\" data-id=\"3f456dc\" data-element_type=\"widget\" data-e-type=\"widget\" data-widget_type=\"heading.default\">\n\t\t\t\t\t<h2 class=\"elementor-heading-title elementor-size-default\">Singular Design. Total Control.<\/h2>\t\t\t\t<\/div>\n\t\t\t\t<div class=\"elementor-element elementor-element-2fc096d elementor-widget elementor-widget-text-editor\" data-id=\"2fc096d\" data-element_type=\"widget\" data-e-type=\"widget\" data-widget_type=\"text-editor.default\">\n\t\t\t\t\t\t\t\t\t<p>Desarrollamos propuestas arquitect\u00f3nicas\u00a0\u00fanicas, partiendo de los objetivos del cliente. Integramos el conocimiento de\u00a0estructura\u00a0y\u00a0eficiencia energ\u00e9tica\u00a0para garantizar el control t\u00e9cnico total de la visi\u00f3n arquitect\u00f3nica.<\/p>\t\t\t\t\t\t\t\t<\/div>\n\t\t\t\t<\/div>\n\t\t<div class=\"elementor-element elementor-element-344a0a4 e-con-full e-flex e-con e-child\" data-id=\"344a0a4\" data-element_type=\"container\" data-e-type=\"container\">\n\t\t\t\t<\/div>\n\t\t<div class=\"elementor-element elementor-element-d7281fb e-con-full e-flex e-con e-child\" data-id=\"d7281fb\" data-element_type=\"container\" data-e-type=\"container\">\n\t\t\t\t<div class=\"elementor-element elementor-element-6a86c18 elementor-widget elementor-widget-heading\" data-id=\"6a86c18\" data-element_type=\"widget\" data-e-type=\"widget\" data-widget_type=\"heading.default\">\n\t\t\t\t\t<h2 class=\"elementor-heading-title elementor-size-default\">Adaptaci\u00f3n \nBioclim\u00e1tica Sin L\u00edmites.<\/h2>\t\t\t\t<\/div>\n\t\t\t\t<div class=\"elementor-element elementor-element-583038b elementor-widget elementor-widget-text-editor\" data-id=\"583038b\" data-element_type=\"widget\" data-e-type=\"widget\" data-widget_type=\"text-editor.default\">\n\t\t\t\t\t\t\t\t\t<p>La arquitectura eficiente responde al clima y al entorno, y el dominio t\u00e9cnico permite materializar formas singulares.<\/p>\t\t\t\t\t\t\t\t<\/div>\n\t\t\t\t<\/div>\n\t\t\t\t<\/div>\n\t\t<div class=\"elementor-element elementor-element-a0beef2 e-con-full e-flex e-con e-parent\" data-id=\"a0beef2\" data-element_type=\"container\" data-e-type=\"container\">\n\t\t<div class=\"elementor-element elementor-element-462bfa9 e-con-full e-flex e-con e-child\" data-id=\"462bfa9\" data-element_type=\"container\" data-e-type=\"container\">\n\t\t\t\t<div class=\"elementor-element elementor-element-48fc11c elementor-widget elementor-widget-heading\" data-id=\"48fc11c\" data-element_type=\"widget\" data-e-type=\"widget\" data-widget_type=\"heading.default\">\n\t\t\t\t\t<h2 class=\"elementor-heading-title elementor-size-default\">Dominio T\u00e9cnico \npara la Eficiencia \nSingular.<\/h2>\t\t\t\t<\/div>\n\t\t\t\t<div class=\"elementor-element elementor-element-ba19eb7 elementor-widget elementor-widget-text-editor\" data-id=\"ba19eb7\" data-element_type=\"widget\" data-e-type=\"widget\" data-widget_type=\"text-editor.default\">\n\t\t\t\t\t\t\t\t\t<p>La eficiencia clim\u00e1tica define el dise\u00f1o y la t\u00e9cnica estructural lo hace posible, garantizando una respuesta arquitect\u00f3nica \u00f3ptima.<\/p>\t\t\t\t\t\t\t\t<\/div>\n\t\t\t\t<\/div>\n\t\t<div class=\"elementor-element elementor-element-2e555d7 e-con-full e-flex e-con e-child\" data-id=\"2e555d7\" data-element_type=\"container\" data-e-type=\"container\">\n\t\t\t\t<\/div>\n\t\t<div class=\"elementor-element elementor-element-1061c3c e-con-full e-flex e-con e-child\" data-id=\"1061c3c\" data-element_type=\"container\" data-e-type=\"container\">\n\t\t\t\t<\/div>\n\t\t\t\t<\/div>\n\t\t<div class=\"elementor-element elementor-element-02288aa e-con-full e-flex e-con e-parent\" data-id=\"02288aa\" data-element_type=\"container\" data-e-type=\"container\">\n\t\t<div class=\"elementor-element elementor-element-1eee466 e-con-full e-flex e-con e-child\" data-id=\"1eee466\" data-element_type=\"container\" data-e-type=\"container\">\n\t\t\t\t<div class=\"elementor-element elementor-element-d52bca9 elementor-widget elementor-widget-heading\" data-id=\"d52bca9\" data-element_type=\"widget\" data-e-type=\"widget\" data-widget_type=\"heading.default\">\n\t\t\t\t\t<h2 class=\"elementor-heading-title elementor-size-default\">Volumetr\u00eda Singular \npor Necesidad \nClim\u00e1tica.<\/h2>\t\t\t\t<\/div>\n\t\t\t\t<div class=\"elementor-element elementor-element-187bf0a elementor-widget elementor-widget-text-editor\" data-id=\"187bf0a\" data-element_type=\"widget\" data-e-type=\"widget\" data-widget_type=\"text-editor.default\">\n\t\t\t\t\t\t\t\t\t<p>La adaptaci\u00f3n al clima y el dominio constructivo permiten materializar dise\u00f1os eficientes y volumetr\u00edas no convencionales, dando lugar a una obra \u00fanica.<\/p>\t\t\t\t\t\t\t\t<\/div>\n\t\t\t\t<\/div>\n\t\t<div class=\"elementor-element elementor-element-6861d83 e-con-full e-flex e-con e-child\" data-id=\"6861d83\" data-element_type=\"container\" data-e-type=\"container\">\n\t\t\t\t<\/div>\n\t\t<div class=\"elementor-element elementor-element-315e5db e-con-full e-flex e-con e-child\" data-id=\"315e5db\" data-element_type=\"container\" data-e-type=\"container\">\n\t\t\t\t<div class=\"elementor-element elementor-element-7b0a965 elementor-widget elementor-widget-heading\" data-id=\"7b0a965\" data-element_type=\"widget\" data-e-type=\"widget\" data-widget_type=\"heading.default\">\n\t\t\t\t\t<h2 class=\"elementor-heading-title elementor-size-default\">Arquitectura Libre \nde Precedentes.\u00a0<\/h2>\t\t\t\t<\/div>\n\t\t\t\t<div class=\"elementor-element elementor-element-c632c71 elementor-widget elementor-widget-text-editor\" data-id=\"c632c71\" data-element_type=\"widget\" data-e-type=\"widget\" data-widget_type=\"text-editor.default\">\n\t\t\t\t\t\t\t\t\t<p>Nuestra metodolog\u00eda combina la\u00a0visi\u00f3n clara\u00a0del resultado con el\u00a0perfecto dominio\u00a0de la t\u00e9cnica, garantizando soluciones que son verdaderamente \u00fanicas, nunca copias de tendencias.<\/p>\t\t\t\t\t\t\t\t<\/div>\n\t\t\t\t<\/div>\n\t\t\t\t<\/div>\n\t\t<div class=\"elementor-element elementor-element-0c77be2 e-con-full e-flex e-con e-parent\" data-id=\"0c77be2\" data-element_type=\"container\" data-e-type=\"container\">\n\t\t\t\t<div class=\"elementor-element elementor-element-25e9822 elementor-widget elementor-widget-heading\" data-id=\"25e9822\" data-element_type=\"widget\" data-e-type=\"widget\" data-widget_type=\"heading.default\">\n\t\t\t\t\t<h2 class=\"elementor-heading-title elementor-size-default\">NUESTRA FILOSOF\u00cdA<\/h2>\t\t\t\t<\/div>\n\t\t\t\t<\/div>\n\t\t<div class=\"elementor-element elementor-element-7fe245b e-con-full e-flex e-con e-parent\" data-id=\"7fe245b\" data-element_type=\"container\" data-e-type=\"container\">\n\t\t<div class=\"elementor-element elementor-element-46603dc e-con-full e-flex e-con e-child\" data-id=\"46603dc\" data-element_type=\"container\" data-e-type=\"container\">\n\t\t\t\t<div class=\"elementor-element elementor-element-d89bf22 elementor-widget elementor-widget-image\" data-id=\"d89bf22\" data-element_type=\"widget\" data-e-type=\"widget\" data-widget_type=\"image.default\">\n\t\t\t\t\t\t\t\t\t\t\t\t\t\t\t<img fetchpriority=\"high\" decoding=\"async\" width=\"800\" height=\"205\" src=\"https:\/\/aconejo.com\/wp-content\/uploads\/2025\/12\/ANTONIO-CONEJO2-1-1024x262.png\" class=\"attachment-large size-large wp-image-1331\" alt=\"\" srcset=\"https:\/\/aconejo.com\/wp-content\/uploads\/2025\/12\/ANTONIO-CONEJO2-1-1024x262.png 1024w, https:\/\/aconejo.com\/wp-content\/uploads\/2025\/12\/ANTONIO-CONEJO2-1-300x77.png 300w, https:\/\/aconejo.com\/wp-content\/uploads\/2025\/12\/ANTONIO-CONEJO2-1-768x197.png 768w, https:\/\/aconejo.com\/wp-content\/uploads\/2025\/12\/ANTONIO-CONEJO2-1-18x5.png 18w, https:\/\/aconejo.com\/wp-content\/uploads\/2025\/12\/ANTONIO-CONEJO2-1.png 1464w\" sizes=\"(max-width: 800px) 100vw, 800px\" \/>\t\t\t\t\t\t\t\t\t\t\t\t\t\t\t<\/div>\n\t\t\t\t<\/div>\n\t\t<div class=\"elementor-element elementor-element-9f5f254 e-con-full e-flex e-con e-child\" data-id=\"9f5f254\" data-element_type=\"container\" data-e-type=\"container\">\n\t\t\t\t<\/div>\n\t\t<div class=\"elementor-element elementor-element-41bbe9c e-con-full e-flex e-con e-child\" data-id=\"41bbe9c\" data-element_type=\"container\" data-e-type=\"container\">\n\t\t\t\t<div class=\"elementor-element elementor-element-a5b10a2 elementor-widget elementor-widget-image\" data-id=\"a5b10a2\" data-element_type=\"widget\" data-e-type=\"widget\" data-widget_type=\"image.default\">\n\t\t\t\t\t\t\t\t\t\t\t\t\t\t\t<img decoding=\"async\" src=\"https:\/\/aconejo.com\/wp-content\/uploads\/elementor\/thumbs\/Mask-group-2-scaled-e1770690526627-rixg9idg83hchp5a51a1rcvb128r7vb1mwc5pzcwes.png\" title=\"Mask group (2)\" alt=\"Mask group (2)\" loading=\"lazy\" \/>\t\t\t\t\t\t\t\t\t\t\t\t\t\t\t<\/div>\n\t\t\t\t<\/div>\n\t\t<div class=\"elementor-element elementor-element-f1159a6 e-con-full e-flex e-con e-child\" data-id=\"f1159a6\" data-element_type=\"container\" data-e-type=\"container\">\n\t\t\t\t<div class=\"elementor-element elementor-element-3efd954 elementor-widget elementor-widget-text-editor\" data-id=\"3efd954\" data-element_type=\"widget\" data-e-type=\"widget\" data-widget_type=\"text-editor.default\">\n\t\t\t\t\t\t\t\t\t<p>Antonio Conejo es arquitecto,\u00a0ingeniero\u00a0civil estructural\u00a0y\u00a0dise\u00f1ador certificado de casas pasivas. ACYA\u00a0\u00a0ofrece la planificaci\u00f3n y asesor\u00eda integral para el proyecto de arquitectura, estructura, instalaciones\u00a0y construcci\u00f3n.\u00a0<\/p>\t\t\t\t\t\t\t\t<\/div>\n\t\t\t\t<\/div>\n\t\t\t\t<\/div>\n\t\t\t\t<\/div>","protected":false},"excerpt":{"rendered":"<p>NUESTRA FILOSOF\u00cdA Dise\u00f1o Singular. Control Total. Desarrollamos propuestas arquitect\u00f3nicas\u00a0\u00fanicas, partiendo de los objetivos del cliente. Integramos el conocimiento de\u00a0estructura\u00a0y\u00a0eficiencia energ\u00e9tica\u00a0para garantizar el control t\u00e9cnico total de la visi\u00f3n arquitect\u00f3nica. Adaptaci\u00f3n Bioclim\u00e1tica Sin L\u00edmites. La arquitectura eficiente responde al clima y al entorno, y el dominio t\u00e9cnico permite materializar formas singulares. Dominio T\u00e9cnico para la Eficiencia [&hellip;]<\/p>\n","protected":false},"author":2,"featured_media":0,"parent":0,"menu_order":0,"comment_status":"closed","ping_status":"closed","template":"elementor_header_footer","meta":{"footnotes":""},"class_list":["post-1336","page","type-page","status-publish","hentry"],"_links":{"self":[{"href":"https:\/\/aconejo.com\/en\/wp-json\/wp\/v2\/pages\/1336","targetHints":{"allow":["GET"]}}],"collection":[{"href":"https:\/\/aconejo.com\/en\/wp-json\/wp\/v2\/pages"}],"about":[{"href":"https:\/\/aconejo.com\/en\/wp-json\/wp\/v2\/types\/page"}],"author":[{"embeddable":true,"href":"https:\/\/aconejo.com\/en\/wp-json\/wp\/v2\/users\/2"}],"replies":[{"embeddable":true,"href":"https:\/\/aconejo.com\/en\/wp-json\/wp\/v2\/comments?post=1336"}],"version-history":[{"count":61,"href":"https:\/\/aconejo.com\/en\/wp-json\/wp\/v2\/pages\/1336\/revisions"}],"predecessor-version":[{"id":1479,"href":"https:\/\/aconejo.com\/en\/wp-json\/wp\/v2\/pages\/1336\/revisions\/1479"}],"wp:attachment":[{"href":"https:\/\/aconejo.com\/en\/wp-json\/wp\/v2\/media?parent=1336"}],"curies":[{"name":"wp","href":"https:\/\/api.w.org\/{rel}","templated":true}]}}