{"id":1614,"date":"2025-12-13T12:10:09","date_gmt":"2025-12-13T12:10:09","guid":{"rendered":"https:\/\/aconejo.com\/?page_id=1614"},"modified":"2026-03-06T17:15:16","modified_gmt":"2026-03-06T17:15:16","slug":"home","status":"publish","type":"page","link":"https:\/\/aconejo.com\/en\/","title":{"rendered":"HOME aconejo"},"content":{"rendered":"<div data-elementor-type=\"wp-page\" data-elementor-id=\"1614\" class=\"elementor elementor-1614\" data-elementor-post-type=\"page\">\n\t\t\t\t<div class=\"elementor-element elementor-element-c5b185e e-con-full e-flex e-con e-parent\" data-id=\"c5b185e\" data-element_type=\"container\" data-e-type=\"container\" data-settings=\"{&quot;background_background&quot;:&quot;classic&quot;}\">\n\t\t<div class=\"elementor-element elementor-element-65a7da8 e-con-full e-flex e-con e-child\" data-id=\"65a7da8\" data-element_type=\"container\" data-e-type=\"container\" data-settings=\"{&quot;background_background&quot;:&quot;classic&quot;}\">\n\t\t\t\t<div class=\"elementor-element elementor-element-6334870 elementor-widget__width-inherit elementor-widget-mobile__width-inherit elementor-arrows-position-inside elementor-widget elementor-widget-image-carousel\" data-id=\"6334870\" data-element_type=\"widget\" data-e-type=\"widget\" data-settings=\"{&quot;slides_to_show&quot;:&quot;1&quot;,&quot;navigation&quot;:&quot;arrows&quot;,&quot;autoplay_speed&quot;:3000,&quot;speed&quot;:2000,&quot;slides_to_show_mobile&quot;:&quot;1&quot;,&quot;autoplay&quot;:&quot;yes&quot;,&quot;pause_on_hover&quot;:&quot;yes&quot;,&quot;pause_on_interaction&quot;:&quot;yes&quot;,&quot;infinite&quot;:&quot;yes&quot;,&quot;effect&quot;:&quot;slide&quot;}\" data-widget_type=\"image-carousel.default\">\n\t\t\t\t\t\t\t<div class=\"elementor-image-carousel-wrapper swiper\" role=\"region\" aria-roledescription=\"carousel\" aria-label=\"Carrusel de im\u00e1genes\" dir=\"ltr\">\n\t\t\t<div class=\"elementor-image-carousel swiper-wrapper\" aria-live=\"off\">\n\t\t\t\t\t\t\t\t<div class=\"swiper-slide\" role=\"group\" aria-roledescription=\"slide\" aria-label=\"1 of 11\" data-no-translation-aria-label=\"\"><figure class=\"swiper-slide-inner\"><img decoding=\"async\" class=\"swiper-slide-image\" src=\"https:\/\/aconejo.com\/wp-content\/uploads\/2026\/01\/11.webp\" alt=\"Dominio t\u00e9cnico para la eficiencia singular\" \/><figcaption class=\"elementor-image-carousel-caption\">Technical Mastery for Singular Efficiency<\/figcaption><\/figure><\/div><div class=\"swiper-slide\" role=\"group\" aria-roledescription=\"slide\" aria-label=\"2 of 11\" data-no-translation-aria-label=\"\"><figure class=\"swiper-slide-inner\"><img decoding=\"async\" class=\"swiper-slide-image\" src=\"https:\/\/aconejo.com\/wp-content\/uploads\/2026\/01\/10.webp\" alt=\"La t\u00e9cnica garantiza la respuesta arquitect\u00f3nica \u00f3ptima\" \/><figcaption class=\"elementor-image-carousel-caption\">Engineering Ensures an Optimal Architectural Response<\/figcaption><\/figure><\/div><div class=\"swiper-slide\" role=\"group\" aria-roledescription=\"slide\" aria-label=\"3 of 11\" data-no-translation-aria-label=\"\"><figure class=\"swiper-slide-inner\"><img decoding=\"async\" class=\"swiper-slide-image\" src=\"https:\/\/aconejo.com\/wp-content\/uploads\/2026\/01\/7.webp\" alt=\"Adaptaci\u00f3n bioclim\u00e1tica sin l\u00edmites\" \/><figcaption class=\"elementor-image-carousel-caption\">Unlimited Bioclimatic Adaptation<\/figcaption><\/figure><\/div><div class=\"swiper-slide\" role=\"group\" aria-roledescription=\"slide\" aria-label=\"4 of 11\" data-no-translation-aria-label=\"\"><figure class=\"swiper-slide-inner\"><img decoding=\"async\" class=\"swiper-slide-image\" src=\"https:\/\/aconejo.com\/wp-content\/uploads\/2026\/01\/9.webp\" alt=\"9\" \/><\/figure><\/div><div class=\"swiper-slide\" role=\"group\" aria-roledescription=\"slide\" aria-label=\"5 of 11\" data-no-translation-aria-label=\"\"><figure class=\"swiper-slide-inner\"><img decoding=\"async\" class=\"swiper-slide-image\" src=\"https:\/\/aconejo.com\/wp-content\/uploads\/2026\/01\/8.webp\" alt=\"8\" \/><\/figure><\/div><div class=\"swiper-slide\" role=\"group\" aria-roledescription=\"slide\" aria-label=\"6 of 11\" data-no-translation-aria-label=\"\"><figure class=\"swiper-slide-inner\"><img decoding=\"async\" class=\"swiper-slide-image\" src=\"https:\/\/aconejo.com\/wp-content\/uploads\/2026\/01\/6.webp\" alt=\"6\" \/><\/figure><\/div><div class=\"swiper-slide\" role=\"group\" aria-roledescription=\"slide\" aria-label=\"7 of 11\" data-no-translation-aria-label=\"\"><figure class=\"swiper-slide-inner\"><img decoding=\"async\" class=\"swiper-slide-image\" src=\"https:\/\/aconejo.com\/wp-content\/uploads\/2026\/01\/5.webp\" alt=\"5\" \/><\/figure><\/div><div class=\"swiper-slide\" role=\"group\" aria-roledescription=\"slide\" aria-label=\"8 of 11\" data-no-translation-aria-label=\"\"><figure class=\"swiper-slide-inner\"><img decoding=\"async\" class=\"swiper-slide-image\" src=\"https:\/\/aconejo.com\/wp-content\/uploads\/2026\/01\/4.webp\" alt=\"4\" \/><\/figure><\/div><div class=\"swiper-slide\" role=\"group\" aria-roledescription=\"slide\" aria-label=\"9 of 11\" data-no-translation-aria-label=\"\"><figure class=\"swiper-slide-inner\"><img decoding=\"async\" class=\"swiper-slide-image\" src=\"https:\/\/aconejo.com\/wp-content\/uploads\/2026\/01\/3.webp\" alt=\"3\" \/><\/figure><\/div><div class=\"swiper-slide\" role=\"group\" aria-roledescription=\"slide\" aria-label=\"10 of 11\" data-no-translation-aria-label=\"\"><figure class=\"swiper-slide-inner\"><img decoding=\"async\" class=\"swiper-slide-image\" src=\"https:\/\/aconejo.com\/wp-content\/uploads\/2026\/01\/2.webp\" alt=\"2\" \/><\/figure><\/div><div class=\"swiper-slide\" role=\"group\" aria-roledescription=\"slide\" aria-label=\"11 of 11\" data-no-translation-aria-label=\"\"><figure class=\"swiper-slide-inner\"><img decoding=\"async\" class=\"swiper-slide-image\" src=\"https:\/\/aconejo.com\/wp-content\/uploads\/2026\/01\/1-1.webp\" alt=\"1\" \/><\/figure><\/div>\t\t\t<\/div>\n\t\t\t\t\t\t\t\t\t\t\t\t<div class=\"elementor-swiper-button elementor-swiper-button-prev\" role=\"button\" tabindex=\"0\">\n\t\t\t\t\t\t<svg xmlns=\"http:\/\/www.w3.org\/2000\/svg\" width=\"50\" height=\"50\" viewbox=\"0 0 50 50\" fill=\"none\"><path d=\"M24.1797 15.4024L14.7651 24.4318L13.3958 22.8148L36.4047 23.2822L36.3328 26.7222L13.3374 26.2419L14.7471 24.6564L23.8153 34.1116L21.4245 36.4045L10.0127 24.4516L21.9126 13.0387L24.1797 15.4024Z\" fill=\"white\"><\/path><circle cx=\"24.8214\" cy=\"24.8214\" r=\"23.8214\" transform=\"rotate(-180 24.8214 24.8214)\" stroke=\"white\" stroke-width=\"2\"><\/circle><\/svg>\t\t\t\t\t<\/div>\n\t\t\t\t\t<div class=\"elementor-swiper-button elementor-swiper-button-next\" role=\"button\" tabindex=\"0\">\n\t\t\t\t\t\t<svg xmlns=\"http:\/\/www.w3.org\/2000\/svg\" width=\"50\" height=\"50\" viewbox=\"0 0 50 50\" fill=\"none\"><path d=\"M25.4631 34.2404L34.8777 25.211L36.2471 26.828L13.2382 26.3606L13.31 22.9206L36.3054 23.4009L34.8957 24.9864L25.8275 15.5312L28.2183 13.2383L39.6301 25.1912L27.7302 36.6041L25.4631 34.2404Z\" fill=\"white\"><\/path><circle cx=\"24.8214\" cy=\"24.8214\" r=\"23.8214\" stroke=\"white\" stroke-width=\"2\"><\/circle><\/svg>\t\t\t\t\t<\/div>\n\t\t\t\t\n\t\t\t\t\t\t\t\t\t<\/div>\n\t\t\t\t\t\t<\/div>\n\t\t\t\t<\/div>\n\t\t\t\t<\/div>\n\t\t\t\t<\/div>","protected":false},"excerpt":{"rendered":"<p>Dominio t\u00e9cnico para la eficiencia singular La t\u00e9cnica garantiza la respuesta arquitect\u00f3nica \u00f3ptima Adaptaci\u00f3n bioclim\u00e1tica sin l\u00edmites<\/p>","protected":false},"author":2,"featured_media":0,"parent":0,"menu_order":0,"comment_status":"closed","ping_status":"closed","template":"elementor_header_footer","meta":{"footnotes":""},"class_list":["post-1614","page","type-page","status-publish","hentry"],"_links":{"self":[{"href":"https:\/\/aconejo.com\/en\/wp-json\/wp\/v2\/pages\/1614","targetHints":{"allow":["GET"]}}],"collection":[{"href":"https:\/\/aconejo.com\/en\/wp-json\/wp\/v2\/pages"}],"about":[{"href":"https:\/\/aconejo.com\/en\/wp-json\/wp\/v2\/types\/page"}],"author":[{"embeddable":true,"href":"https:\/\/aconejo.com\/en\/wp-json\/wp\/v2\/users\/2"}],"replies":[{"embeddable":true,"href":"https:\/\/aconejo.com\/en\/wp-json\/wp\/v2\/comments?post=1614"}],"version-history":[{"count":48,"href":"https:\/\/aconejo.com\/en\/wp-json\/wp\/v2\/pages\/1614\/revisions"}],"predecessor-version":[{"id":2336,"href":"https:\/\/aconejo.com\/en\/wp-json\/wp\/v2\/pages\/1614\/revisions\/2336"}],"wp:attachment":[{"href":"https:\/\/aconejo.com\/en\/wp-json\/wp\/v2\/media?parent=1614"}],"curies":[{"name":"wp","href":"https:\/\/api.w.org\/{rel}","templated":true}]}}