{"id":48,"date":"2025-12-13T12:11:23","date_gmt":"2025-12-13T12:11:23","guid":{"rendered":"https:\/\/aconejo.com\/?page_id=48"},"modified":"2026-02-16T22:37:28","modified_gmt":"2026-02-16T22:37:28","slug":"aviso-legal","status":"publish","type":"page","link":"https:\/\/aconejo.com\/en\/aviso-legal\/","title":{"rendered":"Legal Notice"},"content":{"rendered":"<div data-elementor-type=\"wp-page\" data-elementor-id=\"48\" class=\"elementor elementor-48\" data-elementor-post-type=\"page\">\n\t\t\t\t<div class=\"elementor-element elementor-element-cf92867 e-con-full e-flex e-con e-parent\" data-id=\"cf92867\" data-element_type=\"container\" data-e-type=\"container\" data-settings=\"{&quot;background_background&quot;:&quot;classic&quot;}\">\n\t\t\t\t<div class=\"elementor-element elementor-element-ccbb40f elementor-widget elementor-widget-heading\" data-id=\"ccbb40f\" data-element_type=\"widget\" data-e-type=\"widget\" data-widget_type=\"heading.default\">\n\t\t\t\t\t<h1 class=\"elementor-heading-title elementor-size-default\">Legal Notice<\/h1>\t\t\t\t<\/div>\n\t\t\t\t<div class=\"elementor-element elementor-element-cc410b5 elementor-widget elementor-widget-text-editor\" data-id=\"cc410b5\" data-element_type=\"widget\" data-e-type=\"widget\" data-widget_type=\"text-editor.default\">\n\t\t\t\t\t\t\t\t\t<p>Website Owner<\/p>\t\t\t\t\t\t\t\t<\/div>\n\t\t\t\t<div class=\"elementor-element elementor-element-832028b elementor-widget__width-initial elementor-widget elementor-widget-text-editor\" data-id=\"832028b\" data-element_type=\"widget\" data-e-type=\"widget\" data-widget_type=\"text-editor.default\">\n\t\t\t\t\t\t\t\t\t<p>This website (<a href=\"https:\/\/aconejo.com\/en\/\" target=\"_blank\" rel=\"noopener\" data-fpl-component=\"primitive\">https:\/\/www.aconejo.com\/en\/<\/a>) is owned by:<br \/>- Name \/ Company name: Antonio Conejo N\u00fa\u00f1ez<br \/>- Tax ID number: 76251628G<br \/>- Registered address: Calle Rotonda de la Era, Edificio Rotonda, 12 Bajo, 41940 Tomares (Seville), Spain<br \/>- Contact telephone: +34 954 153 746<br \/>- Email address: acya@aconejo.com<\/p>\t\t\t\t\t\t\t\t<\/div>\n\t\t\t\t<div class=\"elementor-element elementor-element-5a77087 elementor-widget elementor-widget-text-editor\" data-id=\"5a77087\" data-element_type=\"widget\" data-e-type=\"widget\" data-widget_type=\"text-editor.default\">\n\t\t\t\t\t\t\t\t\t<p>Purpose<\/p>\t\t\t\t\t\t\t\t<\/div>\n\t\t\t\t<div class=\"elementor-element elementor-element-b91bd2a elementor-widget__width-initial elementor-widget elementor-widget-text-editor\" data-id=\"b91bd2a\" data-element_type=\"widget\" data-e-type=\"widget\" data-widget_type=\"text-editor.default\">\n\t\t\t\t\t\t\t\t\t<p>This website provides information about the architectural, engineering, structural design and consultancy services offered by the owner.<\/p>\t\t\t\t\t\t\t\t<\/div>\n\t\t\t\t<div class=\"elementor-element elementor-element-f9db307 elementor-widget elementor-widget-text-editor\" data-id=\"f9db307\" data-element_type=\"widget\" data-e-type=\"widget\" data-widget_type=\"text-editor.default\">\n\t\t\t\t\t\t\t\t\t<p>Terms of Use<\/p>\t\t\t\t\t\t\t\t<\/div>\n\t\t\t\t<div class=\"elementor-element elementor-element-2ff72ac elementor-widget__width-initial elementor-widget elementor-widget-text-editor\" data-id=\"2ff72ac\" data-element_type=\"widget\" data-e-type=\"widget\" data-widget_type=\"text-editor.default\">\n\t\t\t\t\t\t\t\t\t<p>Access to and\/or use of this website grants the condition of user, who accepts these terms and conditions from the moment of such access or use.<br \/>The user undertakes to make appropriate use of the content and services of the website, in accordance with the law, morality, public order and good customs.\nThe website owner does not guarantee the absence of errors on the website, nor uninterrupted availability of its contents.<\/p>\t\t\t\t\t\t\t\t<\/div>\n\t\t\t\t<div class=\"elementor-element elementor-element-7958d03 elementor-widget elementor-widget-text-editor\" data-id=\"7958d03\" data-element_type=\"widget\" data-e-type=\"widget\" data-widget_type=\"text-editor.default\">\n\t\t\t\t\t\t\t\t\t<p>Intellectual and Industrial Property<\/p>\t\t\t\t\t\t\t\t<\/div>\n\t\t\t\t<div class=\"elementor-element elementor-element-36c9336 elementor-widget__width-initial elementor-widget elementor-widget-text-editor\" data-id=\"36c9336\" data-element_type=\"widget\" data-e-type=\"widget\" data-widget_type=\"text-editor.default\">\n\t\t\t\t\t\t\t\t\t<p>All contents of this website, including but not limited to structure, design, images, texts and other elements, are the property of the website owner unless otherwise stated.\n\nAny reproduction, distribution, public communication or transformation of such contents without the express authorisation of the owner is strictly prohibited.<\/p>\t\t\t\t\t\t\t\t<\/div>\n\t\t\t\t<div class=\"elementor-element elementor-element-1b4e403 elementor-widget elementor-widget-text-editor\" data-id=\"1b4e403\" data-element_type=\"widget\" data-e-type=\"widget\" data-widget_type=\"text-editor.default\">\n\t\t\t\t\t\t\t\t\t<p>Liability<\/p>\t\t\t\t\t\t\t\t<\/div>\n\t\t\t\t<div class=\"elementor-element elementor-element-d7d7650 elementor-widget__width-initial elementor-widget elementor-widget-text-editor\" data-id=\"d7d7650\" data-element_type=\"widget\" data-e-type=\"widget\" data-widget_type=\"text-editor.default\">\n\t\t\t\t\t\t\t\t\t<p>The website owner shall not be held liable for any damages or losses arising from improper use of the website.\n\nAccess to the website does not imply the existence of any contractual relationship, unless expressly stated otherwise.<\/p>\t\t\t\t\t\t\t\t<\/div>\n\t\t\t\t<\/div>\n\t\t\t\t<\/div>","protected":false},"excerpt":{"rendered":"<p>Aviso Legal Titular del sitio La presente web (https:\/\/www.aconejo.com) es titularidad de:-Nombre \/ Raz\u00f3n social: Antonio Conejo N\u00fa\u00f1ez-NIF \/ CIF: 76251628G-Domicilio: Calle Rotonda de la Era Edificio Rotonda, 12 Bajo. 41940 Tomares (Sevilla) Espa\u00f1a.-Tel\u00e9fono de contacto: +34 954 153 746-Correo electr\u00f3nico:\u00a0acya@aconejo.com Objeto Mediante este sitio web se ofrece informaci\u00f3n sobre los servicios de arquitectura, ingenier\u00eda, [&hellip;]<\/p>\n","protected":false},"author":1,"featured_media":0,"parent":0,"menu_order":0,"comment_status":"closed","ping_status":"closed","template":"elementor_header_footer","meta":{"footnotes":""},"class_list":["post-48","page","type-page","status-publish","hentry"],"_links":{"self":[{"href":"https:\/\/aconejo.com\/en\/wp-json\/wp\/v2\/pages\/48","targetHints":{"allow":["GET"]}}],"collection":[{"href":"https:\/\/aconejo.com\/en\/wp-json\/wp\/v2\/pages"}],"about":[{"href":"https:\/\/aconejo.com\/en\/wp-json\/wp\/v2\/types\/page"}],"author":[{"embeddable":true,"href":"https:\/\/aconejo.com\/en\/wp-json\/wp\/v2\/users\/1"}],"replies":[{"embeddable":true,"href":"https:\/\/aconejo.com\/en\/wp-json\/wp\/v2\/comments?post=48"}],"version-history":[{"count":22,"href":"https:\/\/aconejo.com\/en\/wp-json\/wp\/v2\/pages\/48\/revisions"}],"predecessor-version":[{"id":1743,"href":"https:\/\/aconejo.com\/en\/wp-json\/wp\/v2\/pages\/48\/revisions\/1743"}],"wp:attachment":[{"href":"https:\/\/aconejo.com\/en\/wp-json\/wp\/v2\/media?parent=48"}],"curies":[{"name":"wp","href":"https:\/\/api.w.org\/{rel}","templated":true}]}}