{"id":50,"date":"2025-12-13T12:11:23","date_gmt":"2025-12-13T12:11:23","guid":{"rendered":"https:\/\/aconejo.com\/?page_id=50"},"modified":"2026-02-16T22:32:05","modified_gmt":"2026-02-16T22:32:05","slug":"politica-de-cookies","status":"publish","type":"page","link":"https:\/\/aconejo.com\/en\/politica-de-cookies\/","title":{"rendered":"Cookie Policy"},"content":{"rendered":"<div data-elementor-type=\"wp-page\" data-elementor-id=\"50\" class=\"elementor elementor-50\" data-elementor-post-type=\"page\">\n\t\t\t\t<div class=\"elementor-element elementor-element-410c183 e-con-full e-flex e-con e-parent\" data-id=\"410c183\" data-element_type=\"container\" data-e-type=\"container\" data-settings=\"{&quot;background_background&quot;:&quot;classic&quot;}\">\n\t\t\t\t<div class=\"elementor-element elementor-element-03fd35a elementor-widget elementor-widget-heading\" data-id=\"03fd35a\" data-element_type=\"widget\" data-e-type=\"widget\" data-widget_type=\"heading.default\">\n\t\t\t\t\t<h1 class=\"elementor-heading-title elementor-size-default\">Cookie Policy<\/h1>\t\t\t\t<\/div>\n\t\t\t\t<div class=\"elementor-element elementor-element-83a2f9f elementor-widget elementor-widget-text-editor\" data-id=\"83a2f9f\" data-element_type=\"widget\" data-e-type=\"widget\" data-widget_type=\"text-editor.default\">\n\t\t\t\t\t\t\t\t\t<p>What Is a Cookie?<\/p>\t\t\t\t\t\t\t\t<\/div>\n\t\t\t\t<div class=\"elementor-element elementor-element-7f61f90 elementor-widget__width-initial elementor-widget elementor-widget-text-editor\" data-id=\"7f61f90\" data-element_type=\"widget\" data-e-type=\"widget\" data-widget_type=\"text-editor.default\">\n\t\t\t\t\t\t\t\t\t<p>A cookie is a small file stored in the user\u2019s browser when visiting a website. It allows the website to recognise the user\u2019s device on future visits, improve navigation, analyse usage statistics and perform other functions.<\/p>\t\t\t\t\t\t\t\t<\/div>\n\t\t\t\t<div class=\"elementor-element elementor-element-9f92acc elementor-widget elementor-widget-text-editor\" data-id=\"9f92acc\" data-element_type=\"widget\" data-e-type=\"widget\" data-widget_type=\"text-editor.default\">\n\t\t\t\t\t\t\t\t\t<p>Cookies Used<\/p>\t\t\t\t\t\t\t\t<\/div>\n\t\t\t\t<div class=\"elementor-element elementor-element-5011ff6 elementor-widget__width-initial elementor-widget elementor-widget-text-editor\" data-id=\"5011ff6\" data-element_type=\"widget\" data-e-type=\"widget\" data-widget_type=\"text-editor.default\">\n\t\t\t\t\t\t\t\t\t<p>- Technical cookies: Necessary for the proper functioning of the website.<br \/>- Analytical \/ measurement cookies (if applicable): Used to obtain aggregated navigation data and improve user experience.<\/p>\t\t\t\t\t\t\t\t<\/div>\n\t\t\t\t<div class=\"elementor-element elementor-element-016d1f9 elementor-widget elementor-widget-text-editor\" data-id=\"016d1f9\" data-element_type=\"widget\" data-e-type=\"widget\" data-widget_type=\"text-editor.default\">\n\t\t\t\t\t\t\t\t\t<p>Purpose of Cookies<\/p>\t\t\t\t\t\t\t\t<\/div>\n\t\t\t\t<div class=\"elementor-element elementor-element-448a8a2 elementor-widget__width-initial elementor-widget elementor-widget-text-editor\" data-id=\"448a8a2\" data-element_type=\"widget\" data-e-type=\"widget\" data-widget_type=\"text-editor.default\">\n\t\t\t\t\t\t\t\t\t<p>- Technical: Enable navigation and use of website functionalities.<br \/>- Analytical \/ statistical: Anonymously analyse usage data such as number of visits and pages viewed, always in aggregated form.<\/p>\t\t\t\t\t\t\t\t<\/div>\n\t\t\t\t<div class=\"elementor-element elementor-element-1771daa elementor-widget elementor-widget-text-editor\" data-id=\"1771daa\" data-element_type=\"widget\" data-e-type=\"widget\" data-widget_type=\"text-editor.default\">\n\t\t\t\t\t\t\t\t\t<p>Consent<\/p>\t\t\t\t\t\t\t\t<\/div>\n\t\t\t\t<div class=\"elementor-element elementor-element-5afc301 elementor-widget__width-initial elementor-widget elementor-widget-text-editor\" data-id=\"5afc301\" data-element_type=\"widget\" data-e-type=\"widget\" data-widget_type=\"text-editor.default\">\n\t\t\t\t\t\t\t\t\t<p>Non-essential cookies will only be installed if the user provides explicit, free, informed and unambiguous consent \u2014 for example, by clicking an \u201cAccept cookies\u201d button in a banner.\u00a0<a href=\"https:\/\/usercentrics.com\/es\/guides\/guia-cookies-en-espana\/ley-de-cookies\/?utm_source=chatgpt.com\" target=\"_blank\" rel=\"noopener\" data-fpl-component=\"primitive\">Usercentrics+1<\/a><\/p>\t\t\t\t\t\t\t\t<\/div>\n\t\t\t\t<div class=\"elementor-element elementor-element-dadbf72 elementor-widget elementor-widget-text-editor\" data-id=\"dadbf72\" data-element_type=\"widget\" data-e-type=\"widget\" data-widget_type=\"text-editor.default\">\n\t\t\t\t\t\t\t\t\t<p>How to Disable Cookies<\/p>\t\t\t\t\t\t\t\t<\/div>\n\t\t\t\t<div class=\"elementor-element elementor-element-52688da elementor-widget__width-initial elementor-widget elementor-widget-text-editor\" data-id=\"52688da\" data-element_type=\"widget\" data-e-type=\"widget\" data-widget_type=\"text-editor.default\">\n\t\t\t\t\t\t\t\t\t<p>Users can configure their browser to reject all cookies or to receive a warning when cookies are sent.\nPlease note that disabling technical cookies may affect the proper functioning of the website.<\/p>\t\t\t\t\t\t\t\t<\/div>\n\t\t\t\t<div class=\"elementor-element elementor-element-2dca6f4 elementor-widget elementor-widget-text-editor\" data-id=\"2dca6f4\" data-element_type=\"widget\" data-e-type=\"widget\" data-widget_type=\"text-editor.default\">\n\t\t\t\t\t\t\t\t\t<p>Consent Management<\/p>\t\t\t\t\t\t\t\t<\/div>\n\t\t\t\t<div class=\"elementor-element elementor-element-076546f elementor-widget__width-initial elementor-widget elementor-widget-text-editor\" data-id=\"076546f\" data-element_type=\"widget\" data-e-type=\"widget\" data-widget_type=\"text-editor.default\">\n\t\t\t\t\t\t\t\t\t<p>On the first visit, a banner will be displayed informing users about the use of cookies, their purpose, and offering the option to accept or reject them.<\/p>\t\t\t\t\t\t\t\t<\/div>\n\t\t\t\t<div class=\"elementor-element elementor-element-b061e53 elementor-widget elementor-widget-text-editor\" data-id=\"b061e53\" data-element_type=\"widget\" data-e-type=\"widget\" data-widget_type=\"text-editor.default\">\n\t\t\t\t\t\t\t\t\t<p>Security Measures<\/p>\t\t\t\t\t\t\t\t<\/div>\n\t\t\t\t<div class=\"elementor-element elementor-element-91131c4 elementor-widget__width-initial elementor-widget elementor-widget-text-editor\" data-id=\"91131c4\" data-element_type=\"widget\" data-e-type=\"widget\" data-widget_type=\"text-editor.default\">\n\t\t\t\t\t\t\t\t\t<p>Appropriate technical and organisational measures will be implemented to ensure the security of personal data and to prevent unauthorised access, alteration, loss or improper processing.<\/p>\t\t\t\t\t\t\t\t<\/div>\n\t\t\t\t<\/div>\n\t\t\t\t<\/div>","protected":false},"excerpt":{"rendered":"<p>Pol\u00edtica de cookies Qu\u00e9 es una cookie Una cookie es un peque\u00f1o archivo que almacenamos en el navegador del usuario cuando visita la web, que permite reconocer el dispositivo en futuras visitas, mejorar la navegaci\u00f3n, analizar estad\u00edsticas, entre otros fines. Cookies utilizadas -Cookies t\u00e9cnicas: necesarias para el correcto funcionamiento de la web.-Cookies anal\u00edticas \/ de [&hellip;]<\/p>\n","protected":false},"author":1,"featured_media":0,"parent":0,"menu_order":0,"comment_status":"closed","ping_status":"closed","template":"elementor_header_footer","meta":{"footnotes":""},"class_list":["post-50","page","type-page","status-publish","hentry"],"_links":{"self":[{"href":"https:\/\/aconejo.com\/en\/wp-json\/wp\/v2\/pages\/50","targetHints":{"allow":["GET"]}}],"collection":[{"href":"https:\/\/aconejo.com\/en\/wp-json\/wp\/v2\/pages"}],"about":[{"href":"https:\/\/aconejo.com\/en\/wp-json\/wp\/v2\/types\/page"}],"author":[{"embeddable":true,"href":"https:\/\/aconejo.com\/en\/wp-json\/wp\/v2\/users\/1"}],"replies":[{"embeddable":true,"href":"https:\/\/aconejo.com\/en\/wp-json\/wp\/v2\/comments?post=50"}],"version-history":[{"count":13,"href":"https:\/\/aconejo.com\/en\/wp-json\/wp\/v2\/pages\/50\/revisions"}],"predecessor-version":[{"id":1734,"href":"https:\/\/aconejo.com\/en\/wp-json\/wp\/v2\/pages\/50\/revisions\/1734"}],"wp:attachment":[{"href":"https:\/\/aconejo.com\/en\/wp-json\/wp\/v2\/media?parent=50"}],"curies":[{"name":"wp","href":"https:\/\/api.w.org\/{rel}","templated":true}]}}